{"id":17966,"date":"2021-11-22T18:13:44","date_gmt":"2021-11-22T18:13:44","guid":{"rendered":"https:\/\/menning.kopavogur.is\/culture-in-kopavogur\/starfsfolk\/"},"modified":"2023-09-20T16:16:37","modified_gmt":"2023-09-20T16:16:37","slug":"starfsfolk","status":"publish","type":"page","link":"https:\/\/menning.kopavogur.is\/en\/culture-in-kopavogur\/starfsfolk\/","title":{"rendered":"Staff"},"content":{"rendered":"\t\t<div data-elementor-type=\"wp-page\" data-elementor-id=\"17966\" class=\"elementor elementor-17966 elementor-2073\" data-elementor-post-type=\"page\">\n\t\t\t\t\t\t<section class=\"elementor-section elementor-top-section elementor-element elementor-element-8da23ac elementor-section-height-min-height elementor-section-boxed elementor-section-height-default elementor-section-items-middle\" data-id=\"8da23ac\" data-element_type=\"section\" data-e-type=\"section\" data-settings=\"{&quot;background_background&quot;:&quot;classic&quot;}\">\n\t\t\t\t\t\t<div class=\"elementor-container elementor-column-gap-default\">\n\t\t\t\t\t<div class=\"elementor-column elementor-col-100 elementor-top-column elementor-element elementor-element-a1d0863\" data-id=\"a1d0863\" data-element_type=\"column\" data-e-type=\"column\">\n\t\t\t<div class=\"elementor-widget-wrap elementor-element-populated\">\n\t\t\t\t\t\t<div class=\"elementor-element elementor-element-9e78d56 elementor-widget elementor-widget-spacer\" data-id=\"9e78d56\" data-element_type=\"widget\" data-e-type=\"widget\" data-widget_type=\"spacer.default\">\n\t\t\t\t<div class=\"elementor-widget-container\">\n\t\t\t\t\t\t\t<div class=\"elementor-spacer\">\n\t\t\t<div class=\"elementor-spacer-inner\"><\/div>\n\t\t<\/div>\n\t\t\t\t\t\t<\/div>\n\t\t\t\t<\/div>\n\t\t\t\t\t<\/div>\n\t\t<\/div>\n\t\t\t\t\t<\/div>\n\t\t<\/section>\n\t\t\t\t<section class=\"elementor-section elementor-top-section elementor-element elementor-element-da3d182 elementor-section-boxed elementor-section-height-default elementor-section-height-default\" data-id=\"da3d182\" data-element_type=\"section\" data-e-type=\"section\">\n\t\t\t\t\t\t<div class=\"elementor-container elementor-column-gap-no\">\n\t\t\t\t\t<div class=\"elementor-column elementor-col-100 elementor-top-column elementor-element elementor-element-22eedf5\" data-id=\"22eedf5\" data-element_type=\"column\" data-e-type=\"column\">\n\t\t\t<div class=\"elementor-widget-wrap\">\n\t\t\t\t\t\t\t<\/div>\n\t\t<\/div>\n\t\t\t\t\t<\/div>\n\t\t<\/section>\n\t\t\t\t<section class=\"elementor-section elementor-top-section elementor-element elementor-element-c1b382e elementor-section-boxed elementor-section-height-default elementor-section-height-default\" data-id=\"c1b382e\" data-element_type=\"section\" data-e-type=\"section\">\n\t\t\t\t\t\t<div class=\"elementor-container elementor-column-gap-no\">\n\t\t\t\t\t<div class=\"elementor-column elementor-col-100 elementor-top-column elementor-element elementor-element-248bdee\" data-id=\"248bdee\" data-element_type=\"column\" data-e-type=\"column\">\n\t\t\t<div class=\"elementor-widget-wrap elementor-element-populated\">\n\t\t\t\t\t\t\t<\/div>\n\t\t<\/div>\n\t\t\t\t\t<\/div>\n\t\t<\/section>\n\t\t\t\t<section class=\"elementor-section elementor-top-section elementor-element elementor-element-71bacc4 elementor-section-boxed elementor-section-height-default elementor-section-height-default\" data-id=\"71bacc4\" data-element_type=\"section\" data-e-type=\"section\" data-settings=\"{&quot;background_background&quot;:&quot;classic&quot;}\">\n\t\t\t\t\t\t<div class=\"elementor-container elementor-column-gap-no\">\n\t\t\t\t\t<div class=\"elementor-column elementor-col-100 elementor-top-column elementor-element elementor-element-ca8152a\" data-id=\"ca8152a\" data-element_type=\"column\" data-e-type=\"column\">\n\t\t\t<div class=\"elementor-widget-wrap elementor-element-populated\">\n\t\t\t\t\t\t<div class=\"elementor-element elementor-element-54f27ed elementor-widget elementor-widget-shortcode\" data-id=\"54f27ed\" data-element_type=\"widget\" data-e-type=\"widget\" data-widget_type=\"shortcode.default\">\n\t\t\t\t<div class=\"elementor-widget-container\">\n\t\t\t\t\t\t\t<div class=\"elementor-shortcode\"><div class='meko-staff'><div class='column'><div class='photo' style='background-image:url(https:\/\/menning.kopavogur.is\/wp-content\/uploads\/2022\/03\/MEKO_Soffia-225x300.jpg)'><h2><span>Soff\u00eda Karlsd\u00f3ttir<\/span><\/h2><\/div><div class='description'><p>Director of Culture<\/p><p><a href='tel:+3544417606'>441 7606<\/a><\/p><p><a href='mailto:soffiakarls@kopavogur.is'>soffiakarls@kopavogur.is<\/a><\/a><\/div><\/div><div class='column'><div class='photo' style='background-image:url(https:\/\/menning.kopavogur.is\/wp-content\/uploads\/2022\/03\/MEKO_Indra-225x300.jpg)'><h2><span>El\u00edsabet Indra Ragnarsd\u00f3ttir<\/span><\/h2><\/div><div class='description'><p>Project and Event Manager<\/p><p><a href='mailto:elisabet.indra@kopavogur.is'>elisabet.indra@kopavogur.is<\/a><\/a><\/div><\/div><div class='column'><div class='photo' style='background-image:url(https:\/\/menning.kopavogur.is\/wp-content\/uploads\/2023\/09\/Vigdis-Masdottir-1024x820-1-300x240.jpg)'><h2><span>Vigd\u00eds M\u00e1sd\u00f3ttir<\/span><\/h2><\/div><div class='description'><p>PR and Marketing Manager<\/p><p><a href='mailto:vigdis.masdottir@kopavogur.is'>vigdis.masdottir@kopavogur.is<\/a><\/a><\/div><\/div><div class='column'><div class='photo' style='background-image:url(https:\/\/menning.kopavogur.is\/wp-content\/uploads\/2022\/03\/Gerdarsafn_Brynja-225x300.jpg)'><h2><span>Brynja Sveinsd\u00f3ttir<\/span><\/h2><\/div><div class='description'><p>Director of Ger\u00f0arsafn Art Museum and K\u00f3pavogur Natural History Museum<\/p><p><a href='mailto:brynjas@kopavogur.is'>brynjas@kopavogur.is<\/a><\/a><\/div><\/div><div class='column'><div class='photo' style='background-image:url(https:\/\/menning.kopavogur.is\/wp-content\/uploads\/2022\/03\/Heradsskjalasafn_Hrafn-225x300.jpg)'><h2><span>Hrafn Sveinbjarnarson<\/span><\/h2><\/div><div class='description'><p>Chief Regional Archivist<\/p><p><a href='mailto:hrafns@kopavogur.is'>hrafns@kopavogur.is<\/a><\/a><\/div><\/div><div class='column'><div class='photo' style='background-image:url(https:\/\/menning.kopavogur.is\/wp-content\/uploads\/2022\/03\/Bokasafn_Lisa-225x300.jpg)'><h2><span>L\u00edsa Zachrison Valdimarsd\u00f3ttir<\/span><\/h2><\/div><div class='description'><p>Director of K\u00f3pavogur Public Library<\/p><p><a href='mailto:lisa@kopavogur.is'>lisa@kopavogur.is<\/a><\/a><\/div><\/div><div class='column'><div class='photo'><\/div><div class='description'><\/div><\/div><\/div><\/div>\n\t\t\t\t\t\t<\/div>\n\t\t\t\t<\/div>\n\t\t\t\t\t<\/div>\n\t\t<\/div>\n\t\t\t\t\t<\/div>\n\t\t<\/section>\n\t\t\t\t<\/div>\n\t\t","protected":false},"excerpt":{"rendered":"","protected":false},"author":1,"featured_media":15801,"parent":7881,"menu_order":0,"comment_status":"closed","ping_status":"closed","template":"","meta":{"_acf_changed":false,"inline_featured_image":false,"footnotes":""},"class_list":["post-17966","page","type-page","status-publish","has-post-thumbnail","hentry"],"acf":{"staff_members":[{"photo":2920,"name":"Soff\u00eda Karlsd\u00f3ttir","role":"Director of Culture","phone":"441 7606","email":"soffiakarls@kopavogur.is"},{"photo":2916,"name":"El\u00edsabet Indra Ragnarsd\u00f3ttir","role":"Project and Event Manager","phone":"","email":"elisabet.indra@kopavogur.is"},{"photo":17940,"name":"Vigd\u00eds M\u00e1sd\u00f3ttir","role":"PR and Marketing Manager","phone":"","email":"vigdis.masdottir@kopavogur.is"},{"photo":2926,"name":"Brynja Sveinsd\u00f3ttir","role":"Director of Ger\u00f0arsafn Art Museum and K\u00f3pavogur Natural History Museum","phone":"","email":"brynjas@kopavogur.is"},{"photo":2930,"name":"Hrafn Sveinbjarnarson","role":"Chief Regional Archivist","phone":"","email":"hrafns@kopavogur.is"},{"photo":2924,"name":"L\u00edsa Zachrison Valdimarsd\u00f3ttir","role":"Director of K\u00f3pavogur Public Library","phone":"","email":"lisa@kopavogur.is"},{"photo":false,"name":"","role":"","phone":"","email":""}]},"_links":{"self":[{"href":"https:\/\/menning.kopavogur.is\/en\/wp-json\/wp\/v2\/pages\/17966","targetHints":{"allow":["GET"]}}],"collection":[{"href":"https:\/\/menning.kopavogur.is\/en\/wp-json\/wp\/v2\/pages"}],"about":[{"href":"https:\/\/menning.kopavogur.is\/en\/wp-json\/wp\/v2\/types\/page"}],"author":[{"embeddable":true,"href":"https:\/\/menning.kopavogur.is\/en\/wp-json\/wp\/v2\/users\/1"}],"replies":[{"embeddable":true,"href":"https:\/\/menning.kopavogur.is\/en\/wp-json\/wp\/v2\/comments?post=17966"}],"version-history":[{"count":0,"href":"https:\/\/menning.kopavogur.is\/en\/wp-json\/wp\/v2\/pages\/17966\/revisions"}],"up":[{"embeddable":true,"href":"https:\/\/menning.kopavogur.is\/en\/wp-json\/wp\/v2\/pages\/7881"}],"wp:featuredmedia":[{"embeddable":true,"href":"https:\/\/menning.kopavogur.is\/en\/wp-json\/wp\/v2\/media\/15801"}],"wp:attachment":[{"href":"https:\/\/menning.kopavogur.is\/en\/wp-json\/wp\/v2\/media?parent=17966"}],"curies":[{"name":"wp","href":"https:\/\/api.w.org\/{rel}","templated":true}]}}