{"id":6835,"date":"2022-08-29T11:38:25","date_gmt":"2022-08-29T11:38:25","guid":{"rendered":"https:\/\/menning.kopavogur.is\/exhibitions\/exhibitions-archive\/"},"modified":"2022-08-29T11:38:26","modified_gmt":"2022-08-29T11:38:26","slug":"exhibitions-archive","status":"publish","type":"page","link":"https:\/\/menning.kopavogur.is\/en\/exhibitions\/exhibitions-archive\/","title":{"rendered":"Exhibitions archive"},"content":{"rendered":"\t\t<div data-elementor-type=\"wp-page\" data-elementor-id=\"6835\" class=\"elementor elementor-6835 elementor-3404\" data-elementor-post-type=\"page\">\n\t\t\t\t\t\t<section class=\"elementor-section elementor-top-section elementor-element elementor-element-1df518b elementor-section-boxed elementor-section-height-default elementor-section-height-default\" data-id=\"1df518b\" data-element_type=\"section\" data-e-type=\"section\">\n\t\t\t\t\t\t<div class=\"elementor-container elementor-column-gap-no\">\n\t\t\t\t\t<div class=\"elementor-column elementor-col-100 elementor-top-column elementor-element elementor-element-f7ef7ad\" data-id=\"f7ef7ad\" data-element_type=\"column\" data-e-type=\"column\">\n\t\t\t<div class=\"elementor-widget-wrap elementor-element-populated\">\n\t\t\t\t\t\t<div class=\"elementor-element elementor-element-a4f1089 elementor-widget elementor-widget-shortcode\" data-id=\"a4f1089\" data-element_type=\"widget\" data-e-type=\"widget\" data-widget_type=\"shortcode.default\">\n\t\t\t\t<div class=\"elementor-widget-container\">\n\t\t\t\t\t\t\t<div class=\"elementor-shortcode\"><div class='swiper meko-homehero' data-id='3394'>\n    <div class='swiper-wrapper'><div class='swiper-slide url'><div class='overlay'><\/div><a href=\"https:\/\/gerdarsafn.kopavogur.is\/event\/barbara\/\" target=\"_blank\" rel=\"noopener\"><\/a><div class='meko-homehero-background' style='background-image:url(https:\/\/menning.kopavogur.is\/wp-content\/uploads\/2025\/05\/Barbara.jpg)'><\/div><div class='meko-homehero-container'><h2\n              data-swiper-animation='animate__fadeInUp'\n              data-duration='.65s'\n              data-delay='.05s'\n              data-swiper-out-animation='animate__fadeOut'\n              data-out-duration='.0s'>Barabara<\/h2><div class='excerpt'\n              data-swiper-animation='animate__fadeInUp'\n              data-duration='.65s'\n              data-delay='.15s'\n              data-swiper-out-animation='animate__fadeOut'\n              data-out-duration='.0s'><\/div><a class=\"read-more\" href=\"https:\/\/gerdarsafn.kopavogur.is\/event\/barbara\/\" style=\"color:#fff;background:#52e190\" target=\"_blank\" data-swiper-animation=\"animate__fadeInUp\" data-duration=\".65s\" data-delay=\".3s\" data-swiper-out-animation=\"animate__fadeOut\" data-out-duration=\".0s\" rel=\"noopener\">Read more<\/a><\/div><\/div><div class='swiper-slide url'><div class='overlay'><\/div><a href=\"https:\/\/gerdarsafn.kopavogur.is\/event\/gudrun-bergsdottir\/\" target=\"_blank\" rel=\"noopener\"><\/a><div class='meko-homehero-background' style='background-image:url(https:\/\/menning.kopavogur.is\/wp-content\/uploads\/2025\/05\/Gudrun-Bergsdottir.jpg)'><\/div><div class='meko-homehero-container'><h2\n              data-swiper-animation='animate__fadeInUp'\n              data-duration='.65s'\n              data-delay='.05s'\n              data-swiper-out-animation='animate__fadeOut'\n              data-out-duration='.0s'>Gu\u00f0r\u00fan Bergsd\u00f3ttir<\/h2><div class='excerpt'\n              data-swiper-animation='animate__fadeInUp'\n              data-duration='.65s'\n              data-delay='.15s'\n              data-swiper-out-animation='animate__fadeOut'\n              data-out-duration='.0s'><\/div><a class=\"read-more\" href=\"https:\/\/gerdarsafn.kopavogur.is\/event\/gudrun-bergsdottir\/\" style=\"color:#fff;background:#52e190\" target=\"_blank\" data-swiper-animation=\"animate__fadeInUp\" data-duration=\".65s\" data-delay=\".3s\" data-swiper-out-animation=\"animate__fadeOut\" data-out-duration=\".0s\" rel=\"noopener\">Read more<\/a><\/div><\/div><div class='swiper-slide'><div class='overlay'><\/div><a href=\"https:\/\/menning.kopavogur.is\/en\/event\/jeremy-deller\/\"><\/a><div class='meko-homehero-background'  style='background-image:url(https:\/\/menning.kopavogur.is\/wp-content\/uploads\/2026\/01\/2025-JD-TriumphOfArt-NationalGallery-London.instal.741-1-1440x615.jpeg)'><\/div><div class='meko-homehero-container'><div class='overline'\n              data-swiper-animation='animate__fadeInDown'\n              data-duration='.65s'\n              data-delay='.0s'\n              data-swiper-out-animation='animate__fadeOut'\n              data-out-duration='.0s'>\n              <span class='meko-cultural-house' style='border-color:#ffd400'>Ger\u00f0arsafn<\/span> <span class='date'><div class='meko-event-dates'>16.May 2026  ~ 06.Sep 2026 <\/div><\/span><span class='location'>Ger\u00f0arsafn<\/span>\n              <\/div><h2\n              data-swiper-animation='animate__fadeInUp'\n              data-duration='.65s'\n              data-delay='.05s'\n              data-swiper-out-animation='animate__fadeOut'\n              data-out-duration='.0s'>Jeremy Deller<\/h2><div class='excerpt'\n              data-swiper-animation='animate__fadeInUp'\n              data-duration='.65s'\n              data-delay='.15s'\n              data-swiper-out-animation='animate__fadeOut'\n              data-out-duration='.0s'><\/div><a class=\"read-more\" href=\"https:\/\/menning.kopavogur.is\/en\/event\/jeremy-deller\/\" style=\"color:#0a0a0a;background:#ffd400\" data-swiper-animation=\"animate__fadeInUp\" data-duration=\".65s\" data-delay=\".3s\" data-swiper-out-animation=\"animate__fadeOut\" data-out-duration=\".0s\">Read more<\/a><\/div><\/div><\/div>\n    <div class='meko-homehero-pagination'><\/div>\n  <\/div><\/div>\n\t\t\t\t\t\t<\/div>\n\t\t\t\t<\/div>\n\t\t\t\t\t<\/div>\n\t\t<\/div>\n\t\t\t\t\t<\/div>\n\t\t<\/section>\n\t\t\t\t<section class=\"elementor-section elementor-top-section elementor-element elementor-element-1db4730 elementor-section-boxed elementor-section-height-default elementor-section-height-default\" data-id=\"1db4730\" data-element_type=\"section\" data-e-type=\"section\">\n\t\t\t\t\t\t<div class=\"elementor-container elementor-column-gap-default\">\n\t\t\t\t\t<div class=\"elementor-column elementor-col-50 elementor-top-column elementor-element elementor-element-e3ec368\" data-id=\"e3ec368\" data-element_type=\"column\" data-e-type=\"column\">\n\t\t\t<div class=\"elementor-widget-wrap elementor-element-populated\">\n\t\t\t\t\t\t<div class=\"elementor-element elementor-element-2ef475f elementor-widget elementor-widget-heading\" data-id=\"2ef475f\" data-element_type=\"widget\" data-e-type=\"widget\" data-widget_type=\"heading.default\">\n\t\t\t\t<div class=\"elementor-widget-container\">\n\t\t\t\t\t<h2 class=\"elementor-heading-title elementor-size-default\">PAST EXHIBITIONS<\/h2>\t\t\t\t<\/div>\n\t\t\t\t<\/div>\n\t\t\t\t<div class=\"elementor-element elementor-element-8646e2c elementor-widget elementor-widget-button\" data-id=\"8646e2c\" data-element_type=\"widget\" data-e-type=\"widget\" data-widget_type=\"button.default\">\n\t\t\t\t<div class=\"elementor-widget-container\">\n\t\t\t\t\t\t\t\t\t<div class=\"elementor-button-wrapper\">\n\t\t\t\t\t<a class=\"elementor-button elementor-button-link elementor-size-xs\" href=\"https:\/\/menning.kopavogur.is\/en\/calendar\/\">\n\t\t\t\t\t\t<span class=\"elementor-button-content-wrapper\">\n\t\t\t\t\t\t<span class=\"elementor-button-icon\">\n\t\t\t\t<svg xmlns=\"http:\/\/www.w3.org\/2000\/svg\" width=\"35pt\" height=\"19pt\" viewBox=\"0 0 35 19\"><path fill=\"#040202\" d=\"M23.91 2.23c.33-.43.99-1.31 1.31-1.75 3.25 2.8 6.12 6.01 9.19 9-2.98 3.06-5.98 6.11-9.08 9.04-.51-.55-1-1.11-1.47-1.69 2.01-2.1 4.13-4.09 6.15-6.19-10.01 0-20.01-.01-30.01 0V8.36c10 .01 20.01.01 30.01 0-2-2.07-4.09-4.06-6.1-6.13Z\"><\/path><\/svg>\t\t\t<\/span>\n\t\t\t\t\t\t\t\t\t<span class=\"elementor-button-text\">CALENDAR<\/span>\n\t\t\t\t\t<\/span>\n\t\t\t\t\t<\/a>\n\t\t\t\t<\/div>\n\t\t\t\t\t\t\t\t<\/div>\n\t\t\t\t<\/div>\n\t\t\t\t\t<\/div>\n\t\t<\/div>\n\t\t\t\t<div class=\"elementor-column elementor-col-50 elementor-top-column elementor-element elementor-element-77f43f3\" data-id=\"77f43f3\" data-element_type=\"column\" data-e-type=\"column\">\n\t\t\t<div class=\"elementor-widget-wrap elementor-element-populated\">\n\t\t\t\t\t\t<div class=\"elementor-element elementor-element-55e1907 elementor-widget elementor-widget-shortcode\" data-id=\"55e1907\" data-element_type=\"widget\" data-e-type=\"widget\" data-widget_type=\"shortcode.default\">\n\t\t\t\t<div class=\"elementor-widget-container\">\n\t\t\t\t\t\t\t<div class=\"elementor-shortcode\"><div class='swiper meko-swiper-natural meko-post-categories'>\n    <ul class='swiper-wrapper'><li class='swiper-slide'><a href='.\/'>2026<\/a><\/li><li class='swiper-slide'><a href='.\/?y=2025'>2025<\/a><\/li><li class='swiper-slide'><a href='.\/?y=2024'>2024<\/a><\/li><li class='swiper-slide'><a href='.\/?y=2023'>2023<\/a><\/li><li class='swiper-slide'><a href='.\/?y=2022'>2022<\/a><\/li><li class='swiper-slide'><a href='.\/?y=2021'>2021<\/a><\/li><li class='swiper-slide'><a href='.\/?y=2020'>2020<\/a><\/li><li class='swiper-slide'><a href='.\/?y=2019'>2019<\/a><\/li><li class='swiper-slide'><a href='.\/?y=2018'>2018<\/a><\/li><li class='swiper-slide'><a href='.\/?y=2017'>2017<\/a><\/li><li class='swiper-slide'><a href='.\/?y=2016'>2016<\/a><\/li><li class='swiper-slide'><a href='.\/?y=2015'>2015<\/a><\/li><li class='swiper-slide'><a href='.\/?y=2014'>2014<\/a><\/li><li class='swiper-slide'><a href='.\/?y=2014&b'>Older exhibitions<\/a><\/li><\/ul>\n    <div class='meko-swiper-next'><\/div>\n    <div class='meko-swiper-prev'><\/div>\n  <\/div><\/div>\n\t\t\t\t\t\t<\/div>\n\t\t\t\t<\/div>\n\t\t\t\t<div class=\"elementor-element elementor-element-5e60ad7 elementor-posts--thumbnail-top elementor-grid-3 elementor-grid-tablet-2 elementor-grid-mobile-1 elementor-widget elementor-widget-posts\" data-id=\"5e60ad7\" data-element_type=\"widget\" data-e-type=\"widget\" data-settings=\"{&quot;custom_columns&quot;:&quot;3&quot;,&quot;custom_columns_tablet&quot;:&quot;2&quot;,&quot;custom_columns_mobile&quot;:&quot;1&quot;,&quot;custom_row_gap&quot;:{&quot;unit&quot;:&quot;px&quot;,&quot;size&quot;:35,&quot;sizes&quot;:[]},&quot;custom_row_gap_laptop&quot;:{&quot;unit&quot;:&quot;px&quot;,&quot;size&quot;:&quot;&quot;,&quot;sizes&quot;:[]},&quot;custom_row_gap_tablet&quot;:{&quot;unit&quot;:&quot;px&quot;,&quot;size&quot;:&quot;&quot;,&quot;sizes&quot;:[]},&quot;custom_row_gap_mobile&quot;:{&quot;unit&quot;:&quot;px&quot;,&quot;size&quot;:&quot;&quot;,&quot;sizes&quot;:[]}}\" data-widget_type=\"posts.custom\">\n\t\t\t\t<div class=\"elementor-widget-container\">\n\t\t\t\t\t      <div class=\"ecs-posts elementor-posts-container elementor-posts   elementor-grid elementor-posts--skin-custom\" data-settings=\"{&quot;current_page&quot;:1,&quot;max_num_pages&quot;:0,&quot;load_method&quot;:&quot;numbers_and_prev_next&quot;,&quot;widget_id&quot;:&quot;5e60ad7&quot;,&quot;post_id&quot;:6835,&quot;theme_id&quot;:6835,&quot;change_url&quot;:false,&quot;reinit_js&quot;:false}\">\n      <div class=\"elementor-posts-nothing-found\"><\/div>\t\t<\/div>\n\t\t\t\t\t\t<\/div>\n\t\t\t\t<\/div>\n\t\t\t\t\t<\/div>\n\t\t<\/div>\n\t\t\t\t\t<\/div>\n\t\t<\/section>\n\t\t\t\t<\/div>\n\t\t","protected":false},"excerpt":{"rendered":"<p>PAST EXHIBITIONS CALENDAR<\/p>\n","protected":false},"author":1,"featured_media":13749,"parent":6831,"menu_order":0,"comment_status":"closed","ping_status":"closed","template":"elementor_header_footer","meta":{"_acf_changed":false,"inline_featured_image":false,"footnotes":""},"class_list":["post-6835","page","type-page","status-publish","has-post-thumbnail","hentry"],"acf":[],"_links":{"self":[{"href":"https:\/\/menning.kopavogur.is\/en\/wp-json\/wp\/v2\/pages\/6835","targetHints":{"allow":["GET"]}}],"collection":[{"href":"https:\/\/menning.kopavogur.is\/en\/wp-json\/wp\/v2\/pages"}],"about":[{"href":"https:\/\/menning.kopavogur.is\/en\/wp-json\/wp\/v2\/types\/page"}],"author":[{"embeddable":true,"href":"https:\/\/menning.kopavogur.is\/en\/wp-json\/wp\/v2\/users\/1"}],"replies":[{"embeddable":true,"href":"https:\/\/menning.kopavogur.is\/en\/wp-json\/wp\/v2\/comments?post=6835"}],"version-history":[{"count":0,"href":"https:\/\/menning.kopavogur.is\/en\/wp-json\/wp\/v2\/pages\/6835\/revisions"}],"up":[{"embeddable":true,"href":"https:\/\/menning.kopavogur.is\/en\/wp-json\/wp\/v2\/pages\/6831"}],"wp:featuredmedia":[{"embeddable":true,"href":"https:\/\/menning.kopavogur.is\/en\/wp-json\/wp\/v2\/media\/13749"}],"wp:attachment":[{"href":"https:\/\/menning.kopavogur.is\/en\/wp-json\/wp\/v2\/media?parent=6835"}],"curies":[{"name":"wp","href":"https:\/\/api.w.org\/{rel}","templated":true}]}}